{"id":348,"date":"2025-05-25T18:47:20","date_gmt":"2025-05-25T18:47:20","guid":{"rendered":"https:\/\/trajectoire.net\/rophotolab\/?page_id=348"},"modified":"2025-08-11T00:29:55","modified_gmt":"2025-08-11T00:29:55","slug":"copies-decran","status":"publish","type":"page","link":"https:\/\/trajectoire.net\/rophotolab\/copies-decran\/","title":{"rendered":"Copies d&rsquo;\u00e9cran"},"content":{"rendered":"\n<figure class=\"wp-block-image size-large\"><a href=\"https:\/\/trajectoire.net\/rophotolab\/wp-content\/uploads\/2025\/05\/rophotolab_21_05_2025_002.png\"><img loading=\"lazy\" decoding=\"async\" width=\"1024\" height=\"693\" src=\"https:\/\/trajectoire.net\/rophotolab\/wp-content\/uploads\/2025\/05\/rophotolab_21_05_2025_002-1024x693.png\" alt=\"\" class=\"wp-image-349\" srcset=\"https:\/\/trajectoire.net\/rophotolab\/wp-content\/uploads\/2025\/05\/rophotolab_21_05_2025_002-1024x693.png 1024w, https:\/\/trajectoire.net\/rophotolab\/wp-content\/uploads\/2025\/05\/rophotolab_21_05_2025_002-300x203.png 300w, https:\/\/trajectoire.net\/rophotolab\/wp-content\/uploads\/2025\/05\/rophotolab_21_05_2025_002-768x520.png 768w, https:\/\/trajectoire.net\/rophotolab\/wp-content\/uploads\/2025\/05\/rophotolab_21_05_2025_002.png 1400w\" sizes=\"(max-width: 1024px) 100vw, 1024px\" \/><\/a><\/figure>\n\n\n\n<figure class=\"wp-block-image size-large\"><a href=\"https:\/\/trajectoire.net\/rophotolab\/wp-content\/uploads\/2025\/05\/rophotolab_21_05_2025_003.png\"><img loading=\"lazy\" decoding=\"async\" width=\"1024\" height=\"693\" src=\"https:\/\/trajectoire.net\/rophotolab\/wp-content\/uploads\/2025\/05\/rophotolab_21_05_2025_003-1024x693.png\" alt=\"\" class=\"wp-image-353\" srcset=\"https:\/\/trajectoire.net\/rophotolab\/wp-content\/uploads\/2025\/05\/rophotolab_21_05_2025_003-1024x693.png 1024w, https:\/\/trajectoire.net\/rophotolab\/wp-content\/uploads\/2025\/05\/rophotolab_21_05_2025_003-300x203.png 300w, https:\/\/trajectoire.net\/rophotolab\/wp-content\/uploads\/2025\/05\/rophotolab_21_05_2025_003-768x519.png 768w, https:\/\/trajectoire.net\/rophotolab\/wp-content\/uploads\/2025\/05\/rophotolab_21_05_2025_003.png 1400w\" sizes=\"(max-width: 1024px) 100vw, 1024px\" \/><\/a><\/figure>\n\n\n\n<figure class=\"wp-block-image size-large\"><a href=\"https:\/\/trajectoire.net\/rophotolab\/wp-content\/uploads\/2025\/05\/rophotolab_21_05_2025_004.png\"><img loading=\"lazy\" decoding=\"async\" width=\"1024\" height=\"693\" src=\"https:\/\/trajectoire.net\/rophotolab\/wp-content\/uploads\/2025\/05\/rophotolab_21_05_2025_004-1024x693.png\" alt=\"\" class=\"wp-image-355\" srcset=\"https:\/\/trajectoire.net\/rophotolab\/wp-content\/uploads\/2025\/05\/rophotolab_21_05_2025_004-1024x693.png 1024w, https:\/\/trajectoire.net\/rophotolab\/wp-content\/uploads\/2025\/05\/rophotolab_21_05_2025_004-300x203.png 300w, https:\/\/trajectoire.net\/rophotolab\/wp-content\/uploads\/2025\/05\/rophotolab_21_05_2025_004-768x519.png 768w, https:\/\/trajectoire.net\/rophotolab\/wp-content\/uploads\/2025\/05\/rophotolab_21_05_2025_004.png 1400w\" sizes=\"(max-width: 1024px) 100vw, 1024px\" \/><\/a><\/figure>\n\n\n\n<figure class=\"wp-block-image size-large\"><a href=\"https:\/\/trajectoire.net\/rophotolab\/wp-content\/uploads\/2025\/05\/rophotolab_21_05_2025_005.png\"><img loading=\"lazy\" decoding=\"async\" width=\"1024\" height=\"693\" src=\"https:\/\/trajectoire.net\/rophotolab\/wp-content\/uploads\/2025\/05\/rophotolab_21_05_2025_005-1024x693.png\" alt=\"\" class=\"wp-image-357\" srcset=\"https:\/\/trajectoire.net\/rophotolab\/wp-content\/uploads\/2025\/05\/rophotolab_21_05_2025_005-1024x693.png 1024w, https:\/\/trajectoire.net\/rophotolab\/wp-content\/uploads\/2025\/05\/rophotolab_21_05_2025_005-300x203.png 300w, https:\/\/trajectoire.net\/rophotolab\/wp-content\/uploads\/2025\/05\/rophotolab_21_05_2025_005-768x520.png 768w, https:\/\/trajectoire.net\/rophotolab\/wp-content\/uploads\/2025\/05\/rophotolab_21_05_2025_005.png 1403w\" sizes=\"(max-width: 1024px) 100vw, 1024px\" \/><\/a><\/figure>\n\n\n\n<figure class=\"wp-block-image size-large\"><a href=\"https:\/\/trajectoire.net\/rophotolab\/wp-content\/uploads\/2025\/06\/rophotolab_09_06_2025_onglet_doc_aide_version_0_0_2.png\"><img loading=\"lazy\" decoding=\"async\" width=\"1024\" height=\"694\" src=\"https:\/\/trajectoire.net\/rophotolab\/wp-content\/uploads\/2025\/06\/rophotolab_09_06_2025_onglet_doc_aide_version_0_0_2-1024x694.png\" alt=\"\" class=\"wp-image-455\" srcset=\"https:\/\/trajectoire.net\/rophotolab\/wp-content\/uploads\/2025\/06\/rophotolab_09_06_2025_onglet_doc_aide_version_0_0_2-1024x694.png 1024w, https:\/\/trajectoire.net\/rophotolab\/wp-content\/uploads\/2025\/06\/rophotolab_09_06_2025_onglet_doc_aide_version_0_0_2-300x203.png 300w, https:\/\/trajectoire.net\/rophotolab\/wp-content\/uploads\/2025\/06\/rophotolab_09_06_2025_onglet_doc_aide_version_0_0_2-768x521.png 768w, https:\/\/trajectoire.net\/rophotolab\/wp-content\/uploads\/2025\/06\/rophotolab_09_06_2025_onglet_doc_aide_version_0_0_2.png 1398w\" sizes=\"(max-width: 1024px) 100vw, 1024px\" \/><\/a><\/figure>\n\n\n\n<p class=\"has-text-align-left\">Voici un travail d&rsquo;\u00e9l\u00e8ve en arts plastiques ! (le mardi 17 juin 2025). <strong>Cet \u00e9l\u00e8ve a utilis\u00e9 RoPhotoLab pour fabriquer une page de roman-photo<\/strong>. En fait les \u00e9l\u00e8ves devaient s&rsquo;inventer une vie et restituer cette vie (ce simulacre) en utilisant (au choix) des \u00e9crits, des prises de vues photo, un <a href=\"https:\/\/fr.wikipedia.org\/wiki\/Animation_en_volume\" data-type=\"link\" data-id=\"https:\/\/fr.wikipedia.org\/wiki\/Animation_en_volume\">stop-motion<\/a>, une vid\u00e9o, une <a href=\"https:\/\/fr.wikipedia.org\/wiki\/Installation_(art)\" data-type=\"link\" data-id=\"https:\/\/fr.wikipedia.org\/wiki\/Installation_(art)\">installation artistique<\/a>, une sculpture, &#8230; ou tout autre m\u00e9dia. Il avait pr\u00e9alablement \u00e9t\u00e9 pr\u00e9cis\u00e9 que l&rsquo;utilisation d&rsquo;une intelligence artificielle, \u00e9tait tout \u00e0 fait de circonstance par rapport \u00e0 ce travail ; cet \u00e9l\u00e8ve a utilis\u00e9 une IA pour g\u00e9n\u00e9rer 9 photos dans lesquelles il s&rsquo;est vieilli (enfin bref, pour 8 d&rsquo;entres elles). Voici deux copies d&rsquo;\u00e9cran RoPhotoLab de son travail :<\/p>\n\n\n\n<figure class=\"wp-block-image size-large\"><a href=\"https:\/\/trajectoire.net\/rophotolab\/wp-content\/uploads\/2025\/06\/rophotolab_ds_logiciel_travail_eleve_17_06_2025_001.png\"><img loading=\"lazy\" decoding=\"async\" width=\"1024\" height=\"650\" src=\"https:\/\/trajectoire.net\/rophotolab\/wp-content\/uploads\/2025\/06\/rophotolab_ds_logiciel_travail_eleve_17_06_2025_001-1024x650.png\" alt=\"\" class=\"wp-image-468\" srcset=\"https:\/\/trajectoire.net\/rophotolab\/wp-content\/uploads\/2025\/06\/rophotolab_ds_logiciel_travail_eleve_17_06_2025_001-1024x650.png 1024w, https:\/\/trajectoire.net\/rophotolab\/wp-content\/uploads\/2025\/06\/rophotolab_ds_logiciel_travail_eleve_17_06_2025_001-300x191.png 300w, https:\/\/trajectoire.net\/rophotolab\/wp-content\/uploads\/2025\/06\/rophotolab_ds_logiciel_travail_eleve_17_06_2025_001-768x488.png 768w, https:\/\/trajectoire.net\/rophotolab\/wp-content\/uploads\/2025\/06\/rophotolab_ds_logiciel_travail_eleve_17_06_2025_001.png 1337w\" sizes=\"(max-width: 1024px) 100vw, 1024px\" \/><\/a><\/figure>\n\n\n\n<figure class=\"wp-block-image size-large\"><a href=\"https:\/\/trajectoire.net\/rophotolab\/wp-content\/uploads\/2025\/06\/rophotolab_ds_logiciel_travail_eleve_17_06_2025_002.png\"><img loading=\"lazy\" decoding=\"async\" width=\"1024\" height=\"606\" src=\"https:\/\/trajectoire.net\/rophotolab\/wp-content\/uploads\/2025\/06\/rophotolab_ds_logiciel_travail_eleve_17_06_2025_002-1024x606.png\" alt=\"\" class=\"wp-image-469\" srcset=\"https:\/\/trajectoire.net\/rophotolab\/wp-content\/uploads\/2025\/06\/rophotolab_ds_logiciel_travail_eleve_17_06_2025_002-1024x606.png 1024w, https:\/\/trajectoire.net\/rophotolab\/wp-content\/uploads\/2025\/06\/rophotolab_ds_logiciel_travail_eleve_17_06_2025_002-300x177.png 300w, https:\/\/trajectoire.net\/rophotolab\/wp-content\/uploads\/2025\/06\/rophotolab_ds_logiciel_travail_eleve_17_06_2025_002-768x454.png 768w, https:\/\/trajectoire.net\/rophotolab\/wp-content\/uploads\/2025\/06\/rophotolab_ds_logiciel_travail_eleve_17_06_2025_002.png 1425w\" sizes=\"(max-width: 1024px) 100vw, 1024px\" \/><\/a><\/figure>\n\n\n\n<p class=\"has-text-align-left\"><a href=\"https:\/\/trajectoire.net\/rophotolab\/wp-content\/uploads\/2025\/06\/rophotolab_fichier_pdf_travail_eleve_17_06_2025.pdf\" data-type=\"link\" data-id=\"https:\/\/trajectoire.net\/rophotolab\/wp-content\/uploads\/2025\/06\/rophotolab_fichier_pdf_travail_eleve_17_06_2025.pdf\"><strong>Voil\u00e0 le fichier PDF du roman-photo produit par RoPhotoLab<\/strong><\/a> (la page 2 est rest\u00e9e blanche car il n&rsquo;a pas eu le temps de poursuivre son travail avant la fin du cours). La restitution dans RoPhotoLab lui a pris entre 20 et 25 minutes.<\/p>\n\n\n\n<p><strong>Nouvelles fonctionnalit\u00e9s de la version 0.1.0 :<\/strong><\/p>\n\n\n\n<figure class=\"wp-block-image size-large\"><a href=\"https:\/\/trajectoire.net\/rophotolab\/wp-content\/uploads\/2025\/07\/rophotolab_30_07_2025_elements_graphiques_supplementaires_a_001.png\"><img loading=\"lazy\" decoding=\"async\" width=\"1024\" height=\"693\" src=\"https:\/\/trajectoire.net\/rophotolab\/wp-content\/uploads\/2025\/07\/rophotolab_30_07_2025_elements_graphiques_supplementaires_a_001-1024x693.png\" alt=\"\" class=\"wp-image-513\" srcset=\"https:\/\/trajectoire.net\/rophotolab\/wp-content\/uploads\/2025\/07\/rophotolab_30_07_2025_elements_graphiques_supplementaires_a_001-1024x693.png 1024w, https:\/\/trajectoire.net\/rophotolab\/wp-content\/uploads\/2025\/07\/rophotolab_30_07_2025_elements_graphiques_supplementaires_a_001-300x203.png 300w, https:\/\/trajectoire.net\/rophotolab\/wp-content\/uploads\/2025\/07\/rophotolab_30_07_2025_elements_graphiques_supplementaires_a_001-768x520.png 768w, https:\/\/trajectoire.net\/rophotolab\/wp-content\/uploads\/2025\/07\/rophotolab_30_07_2025_elements_graphiques_supplementaires_a_001.png 1400w\" sizes=\"(max-width: 1024px) 100vw, 1024px\" \/><\/a><\/figure>\n\n\n\n<figure class=\"wp-block-image size-large\"><a href=\"https:\/\/trajectoire.net\/rophotolab\/wp-content\/uploads\/2025\/07\/rophotolab_30_07_2025_elements_graphiques_supplementaires_a_002.png\"><img loading=\"lazy\" decoding=\"async\" width=\"1024\" height=\"693\" src=\"https:\/\/trajectoire.net\/rophotolab\/wp-content\/uploads\/2025\/07\/rophotolab_30_07_2025_elements_graphiques_supplementaires_a_002-1024x693.png\" alt=\"\" class=\"wp-image-514\" srcset=\"https:\/\/trajectoire.net\/rophotolab\/wp-content\/uploads\/2025\/07\/rophotolab_30_07_2025_elements_graphiques_supplementaires_a_002-1024x693.png 1024w, https:\/\/trajectoire.net\/rophotolab\/wp-content\/uploads\/2025\/07\/rophotolab_30_07_2025_elements_graphiques_supplementaires_a_002-300x203.png 300w, https:\/\/trajectoire.net\/rophotolab\/wp-content\/uploads\/2025\/07\/rophotolab_30_07_2025_elements_graphiques_supplementaires_a_002-768x520.png 768w, https:\/\/trajectoire.net\/rophotolab\/wp-content\/uploads\/2025\/07\/rophotolab_30_07_2025_elements_graphiques_supplementaires_a_002.png 1400w\" sizes=\"(max-width: 1024px) 100vw, 1024px\" \/><\/a><\/figure>\n\n\n\n<figure class=\"wp-block-image size-large\"><a href=\"https:\/\/trajectoire.net\/rophotolab\/wp-content\/uploads\/2025\/07\/rophotolab_onomatopeee_eclatee_16_07_2025_001.png\"><img loading=\"lazy\" decoding=\"async\" width=\"1024\" height=\"694\" src=\"https:\/\/trajectoire.net\/rophotolab\/wp-content\/uploads\/2025\/07\/rophotolab_onomatopeee_eclatee_16_07_2025_001-1024x694.png\" alt=\"\" class=\"wp-image-522\" srcset=\"https:\/\/trajectoire.net\/rophotolab\/wp-content\/uploads\/2025\/07\/rophotolab_onomatopeee_eclatee_16_07_2025_001-1024x694.png 1024w, https:\/\/trajectoire.net\/rophotolab\/wp-content\/uploads\/2025\/07\/rophotolab_onomatopeee_eclatee_16_07_2025_001-300x203.png 300w, https:\/\/trajectoire.net\/rophotolab\/wp-content\/uploads\/2025\/07\/rophotolab_onomatopeee_eclatee_16_07_2025_001-768x520.png 768w, https:\/\/trajectoire.net\/rophotolab\/wp-content\/uploads\/2025\/07\/rophotolab_onomatopeee_eclatee_16_07_2025_001.png 1401w\" sizes=\"(max-width: 1024px) 100vw, 1024px\" \/><\/a><\/figure>\n\n\n\n<figure class=\"wp-block-image size-large\"><a href=\"https:\/\/trajectoire.net\/rophotolab\/wp-content\/uploads\/2025\/07\/rophotolab_30_07_2025_elements_graphiques_supplementaires_a_005.png\"><img loading=\"lazy\" decoding=\"async\" width=\"1024\" height=\"693\" src=\"https:\/\/trajectoire.net\/rophotolab\/wp-content\/uploads\/2025\/07\/rophotolab_30_07_2025_elements_graphiques_supplementaires_a_005-1024x693.png\" alt=\"\" class=\"wp-image-517\" srcset=\"https:\/\/trajectoire.net\/rophotolab\/wp-content\/uploads\/2025\/07\/rophotolab_30_07_2025_elements_graphiques_supplementaires_a_005-1024x693.png 1024w, https:\/\/trajectoire.net\/rophotolab\/wp-content\/uploads\/2025\/07\/rophotolab_30_07_2025_elements_graphiques_supplementaires_a_005-300x203.png 300w, https:\/\/trajectoire.net\/rophotolab\/wp-content\/uploads\/2025\/07\/rophotolab_30_07_2025_elements_graphiques_supplementaires_a_005-768x520.png 768w, https:\/\/trajectoire.net\/rophotolab\/wp-content\/uploads\/2025\/07\/rophotolab_30_07_2025_elements_graphiques_supplementaires_a_005.png 1400w\" sizes=\"(max-width: 1024px) 100vw, 1024px\" \/><\/a><\/figure>\n\n\n\n<figure class=\"wp-block-image size-large\"><a href=\"https:\/\/trajectoire.net\/rophotolab\/wp-content\/uploads\/2025\/07\/rophotolab_30_07_2025_elements_graphiques_supplementaires_a_007.png\"><img loading=\"lazy\" decoding=\"async\" width=\"1024\" height=\"693\" src=\"https:\/\/trajectoire.net\/rophotolab\/wp-content\/uploads\/2025\/07\/rophotolab_30_07_2025_elements_graphiques_supplementaires_a_007-1024x693.png\" alt=\"\" class=\"wp-image-519\" srcset=\"https:\/\/trajectoire.net\/rophotolab\/wp-content\/uploads\/2025\/07\/rophotolab_30_07_2025_elements_graphiques_supplementaires_a_007-1024x693.png 1024w, https:\/\/trajectoire.net\/rophotolab\/wp-content\/uploads\/2025\/07\/rophotolab_30_07_2025_elements_graphiques_supplementaires_a_007-300x203.png 300w, https:\/\/trajectoire.net\/rophotolab\/wp-content\/uploads\/2025\/07\/rophotolab_30_07_2025_elements_graphiques_supplementaires_a_007-768x520.png 768w, https:\/\/trajectoire.net\/rophotolab\/wp-content\/uploads\/2025\/07\/rophotolab_30_07_2025_elements_graphiques_supplementaires_a_007.png 1400w\" sizes=\"(max-width: 1024px) 100vw, 1024px\" \/><\/a><\/figure>\n\n\n\n<figure class=\"wp-block-image size-large\"><a href=\"https:\/\/trajectoire.net\/rophotolab\/wp-content\/uploads\/2025\/07\/rophotolab_30_07_2025_elements_graphiques_supplementaires_a_008.png\"><img loading=\"lazy\" decoding=\"async\" width=\"1024\" height=\"693\" src=\"https:\/\/trajectoire.net\/rophotolab\/wp-content\/uploads\/2025\/07\/rophotolab_30_07_2025_elements_graphiques_supplementaires_a_008-1024x693.png\" alt=\"\" class=\"wp-image-520\" srcset=\"https:\/\/trajectoire.net\/rophotolab\/wp-content\/uploads\/2025\/07\/rophotolab_30_07_2025_elements_graphiques_supplementaires_a_008-1024x693.png 1024w, https:\/\/trajectoire.net\/rophotolab\/wp-content\/uploads\/2025\/07\/rophotolab_30_07_2025_elements_graphiques_supplementaires_a_008-300x203.png 300w, https:\/\/trajectoire.net\/rophotolab\/wp-content\/uploads\/2025\/07\/rophotolab_30_07_2025_elements_graphiques_supplementaires_a_008-768x520.png 768w, https:\/\/trajectoire.net\/rophotolab\/wp-content\/uploads\/2025\/07\/rophotolab_30_07_2025_elements_graphiques_supplementaires_a_008.png 1400w\" sizes=\"(max-width: 1024px) 100vw, 1024px\" \/><\/a><\/figure>\n\n\n\n<figure class=\"wp-block-image size-large\"><a href=\"https:\/\/trajectoire.net\/rophotolab\/wp-content\/uploads\/2025\/07\/rophotolab_30_07_2025_elements_graphiques_supplementaires_a_011.png\"><img loading=\"lazy\" decoding=\"async\" width=\"1024\" height=\"693\" src=\"https:\/\/trajectoire.net\/rophotolab\/wp-content\/uploads\/2025\/07\/rophotolab_30_07_2025_elements_graphiques_supplementaires_a_011-1024x693.png\" alt=\"\" class=\"wp-image-521\" srcset=\"https:\/\/trajectoire.net\/rophotolab\/wp-content\/uploads\/2025\/07\/rophotolab_30_07_2025_elements_graphiques_supplementaires_a_011-1024x693.png 1024w, https:\/\/trajectoire.net\/rophotolab\/wp-content\/uploads\/2025\/07\/rophotolab_30_07_2025_elements_graphiques_supplementaires_a_011-300x203.png 300w, https:\/\/trajectoire.net\/rophotolab\/wp-content\/uploads\/2025\/07\/rophotolab_30_07_2025_elements_graphiques_supplementaires_a_011-768x520.png 768w, https:\/\/trajectoire.net\/rophotolab\/wp-content\/uploads\/2025\/07\/rophotolab_30_07_2025_elements_graphiques_supplementaires_a_011.png 1400w\" sizes=\"(max-width: 1024px) 100vw, 1024px\" \/><\/a><\/figure>\n\n\n\n<figure class=\"wp-block-image size-large\"><a href=\"https:\/\/trajectoire.net\/rophotolab\/wp-content\/uploads\/2025\/07\/rophotolab_30_07_2025_elements_graphiques_supplementaires_a_012.png\"><img loading=\"lazy\" decoding=\"async\" width=\"1024\" height=\"693\" src=\"https:\/\/trajectoire.net\/rophotolab\/wp-content\/uploads\/2025\/07\/rophotolab_30_07_2025_elements_graphiques_supplementaires_a_012-1024x693.png\" alt=\"\" class=\"wp-image-523\" srcset=\"https:\/\/trajectoire.net\/rophotolab\/wp-content\/uploads\/2025\/07\/rophotolab_30_07_2025_elements_graphiques_supplementaires_a_012-1024x693.png 1024w, https:\/\/trajectoire.net\/rophotolab\/wp-content\/uploads\/2025\/07\/rophotolab_30_07_2025_elements_graphiques_supplementaires_a_012-300x203.png 300w, https:\/\/trajectoire.net\/rophotolab\/wp-content\/uploads\/2025\/07\/rophotolab_30_07_2025_elements_graphiques_supplementaires_a_012-768x520.png 768w, https:\/\/trajectoire.net\/rophotolab\/wp-content\/uploads\/2025\/07\/rophotolab_30_07_2025_elements_graphiques_supplementaires_a_012.png 1400w\" sizes=\"(max-width: 1024px) 100vw, 1024px\" \/><\/a><\/figure>\n\n\n\n<figure class=\"wp-block-image size-large\"><a href=\"https:\/\/trajectoire.net\/rophotolab\/wp-content\/uploads\/2025\/07\/rophotolab_30_07_2025_elements_graphiques_supplementaires_a_013.png\"><img loading=\"lazy\" decoding=\"async\" width=\"1024\" height=\"693\" src=\"https:\/\/trajectoire.net\/rophotolab\/wp-content\/uploads\/2025\/07\/rophotolab_30_07_2025_elements_graphiques_supplementaires_a_013-1024x693.png\" alt=\"\" class=\"wp-image-524\" srcset=\"https:\/\/trajectoire.net\/rophotolab\/wp-content\/uploads\/2025\/07\/rophotolab_30_07_2025_elements_graphiques_supplementaires_a_013-1024x693.png 1024w, https:\/\/trajectoire.net\/rophotolab\/wp-content\/uploads\/2025\/07\/rophotolab_30_07_2025_elements_graphiques_supplementaires_a_013-300x203.png 300w, https:\/\/trajectoire.net\/rophotolab\/wp-content\/uploads\/2025\/07\/rophotolab_30_07_2025_elements_graphiques_supplementaires_a_013-768x520.png 768w, https:\/\/trajectoire.net\/rophotolab\/wp-content\/uploads\/2025\/07\/rophotolab_30_07_2025_elements_graphiques_supplementaires_a_013.png 1400w\" sizes=\"(max-width: 1024px) 100vw, 1024px\" \/><\/a><\/figure>\n\n\n\n<figure class=\"wp-block-image size-large\"><a href=\"https:\/\/trajectoire.net\/rophotolab\/wp-content\/uploads\/2025\/07\/rophotolab_30_07_2025_elements_graphiques_supplementaires_b_017.png\"><img loading=\"lazy\" decoding=\"async\" width=\"1024\" height=\"693\" src=\"https:\/\/trajectoire.net\/rophotolab\/wp-content\/uploads\/2025\/07\/rophotolab_30_07_2025_elements_graphiques_supplementaires_b_017-1024x693.png\" alt=\"\" class=\"wp-image-550\" srcset=\"https:\/\/trajectoire.net\/rophotolab\/wp-content\/uploads\/2025\/07\/rophotolab_30_07_2025_elements_graphiques_supplementaires_b_017-1024x693.png 1024w, https:\/\/trajectoire.net\/rophotolab\/wp-content\/uploads\/2025\/07\/rophotolab_30_07_2025_elements_graphiques_supplementaires_b_017-300x203.png 300w, https:\/\/trajectoire.net\/rophotolab\/wp-content\/uploads\/2025\/07\/rophotolab_30_07_2025_elements_graphiques_supplementaires_b_017-768x520.png 768w, https:\/\/trajectoire.net\/rophotolab\/wp-content\/uploads\/2025\/07\/rophotolab_30_07_2025_elements_graphiques_supplementaires_b_017.png 1400w\" sizes=\"(max-width: 1024px) 100vw, 1024px\" \/><\/a><\/figure>\n\n\n\n<p class=\"has-text-align-left\"><strong>La version 0.1.0 sous MacOS :<\/strong><\/p>\n\n\n\n<figure class=\"wp-block-image size-large\"><a href=\"https:\/\/trajectoire.net\/rophotolab\/wp-content\/uploads\/2025\/08\/Capture-decran-2025-08-09-a-20.25.24-scaled.png\"><img loading=\"lazy\" decoding=\"async\" width=\"1024\" height=\"678\" src=\"https:\/\/trajectoire.net\/rophotolab\/wp-content\/uploads\/2025\/08\/Capture-decran-2025-08-09-a-20.25.24-1024x678.png\" alt=\"\" class=\"wp-image-562\" srcset=\"https:\/\/trajectoire.net\/rophotolab\/wp-content\/uploads\/2025\/08\/Capture-decran-2025-08-09-a-20.25.24-1024x678.png 1024w, https:\/\/trajectoire.net\/rophotolab\/wp-content\/uploads\/2025\/08\/Capture-decran-2025-08-09-a-20.25.24-300x199.png 300w, https:\/\/trajectoire.net\/rophotolab\/wp-content\/uploads\/2025\/08\/Capture-decran-2025-08-09-a-20.25.24-768x508.png 768w, https:\/\/trajectoire.net\/rophotolab\/wp-content\/uploads\/2025\/08\/Capture-decran-2025-08-09-a-20.25.24-1536x1017.png 1536w, https:\/\/trajectoire.net\/rophotolab\/wp-content\/uploads\/2025\/08\/Capture-decran-2025-08-09-a-20.25.24-2048x1356.png 2048w, https:\/\/trajectoire.net\/rophotolab\/wp-content\/uploads\/2025\/08\/Capture-decran-2025-08-09-a-20.25.24-1631x1080.png 1631w\" sizes=\"(max-width: 1024px) 100vw, 1024px\" \/><\/a><\/figure>\n\n\n\n<figure class=\"wp-block-image size-large\"><a href=\"https:\/\/trajectoire.net\/rophotolab\/wp-content\/uploads\/2025\/08\/Capture-decran-2025-08-09-a-20.25.49-scaled.png\"><img loading=\"lazy\" decoding=\"async\" width=\"1024\" height=\"678\" src=\"https:\/\/trajectoire.net\/rophotolab\/wp-content\/uploads\/2025\/08\/Capture-decran-2025-08-09-a-20.25.49-1024x678.png\" alt=\"\" class=\"wp-image-563\" srcset=\"https:\/\/trajectoire.net\/rophotolab\/wp-content\/uploads\/2025\/08\/Capture-decran-2025-08-09-a-20.25.49-1024x678.png 1024w, https:\/\/trajectoire.net\/rophotolab\/wp-content\/uploads\/2025\/08\/Capture-decran-2025-08-09-a-20.25.49-300x199.png 300w, https:\/\/trajectoire.net\/rophotolab\/wp-content\/uploads\/2025\/08\/Capture-decran-2025-08-09-a-20.25.49-768x508.png 768w, https:\/\/trajectoire.net\/rophotolab\/wp-content\/uploads\/2025\/08\/Capture-decran-2025-08-09-a-20.25.49-1536x1017.png 1536w, https:\/\/trajectoire.net\/rophotolab\/wp-content\/uploads\/2025\/08\/Capture-decran-2025-08-09-a-20.25.49-2048x1356.png 2048w, https:\/\/trajectoire.net\/rophotolab\/wp-content\/uploads\/2025\/08\/Capture-decran-2025-08-09-a-20.25.49-1631x1080.png 1631w\" sizes=\"(max-width: 1024px) 100vw, 1024px\" \/><\/a><\/figure>\n\n\n\n<figure class=\"wp-block-image size-large\"><a href=\"https:\/\/trajectoire.net\/rophotolab\/wp-content\/uploads\/2025\/08\/Capture-decran-2025-08-09-a-20.36.20-scaled.png\"><img loading=\"lazy\" decoding=\"async\" width=\"1024\" height=\"678\" src=\"https:\/\/trajectoire.net\/rophotolab\/wp-content\/uploads\/2025\/08\/Capture-decran-2025-08-09-a-20.36.20-1024x678.png\" alt=\"\" class=\"wp-image-564\" srcset=\"https:\/\/trajectoire.net\/rophotolab\/wp-content\/uploads\/2025\/08\/Capture-decran-2025-08-09-a-20.36.20-1024x678.png 1024w, https:\/\/trajectoire.net\/rophotolab\/wp-content\/uploads\/2025\/08\/Capture-decran-2025-08-09-a-20.36.20-300x199.png 300w, https:\/\/trajectoire.net\/rophotolab\/wp-content\/uploads\/2025\/08\/Capture-decran-2025-08-09-a-20.36.20-768x508.png 768w, https:\/\/trajectoire.net\/rophotolab\/wp-content\/uploads\/2025\/08\/Capture-decran-2025-08-09-a-20.36.20-1536x1017.png 1536w, https:\/\/trajectoire.net\/rophotolab\/wp-content\/uploads\/2025\/08\/Capture-decran-2025-08-09-a-20.36.20-2048x1356.png 2048w, https:\/\/trajectoire.net\/rophotolab\/wp-content\/uploads\/2025\/08\/Capture-decran-2025-08-09-a-20.36.20-1631x1080.png 1631w\" sizes=\"(max-width: 1024px) 100vw, 1024px\" \/><\/a><\/figure>\n\n\n\n<figure class=\"wp-block-image size-large\"><a href=\"https:\/\/trajectoire.net\/rophotolab\/wp-content\/uploads\/2025\/08\/Capture-decran-2025-08-09-a-20.36.57-scaled.png\"><img loading=\"lazy\" decoding=\"async\" width=\"1024\" height=\"678\" src=\"https:\/\/trajectoire.net\/rophotolab\/wp-content\/uploads\/2025\/08\/Capture-decran-2025-08-09-a-20.36.57-1024x678.png\" alt=\"\" class=\"wp-image-565\" srcset=\"https:\/\/trajectoire.net\/rophotolab\/wp-content\/uploads\/2025\/08\/Capture-decran-2025-08-09-a-20.36.57-1024x678.png 1024w, https:\/\/trajectoire.net\/rophotolab\/wp-content\/uploads\/2025\/08\/Capture-decran-2025-08-09-a-20.36.57-300x199.png 300w, https:\/\/trajectoire.net\/rophotolab\/wp-content\/uploads\/2025\/08\/Capture-decran-2025-08-09-a-20.36.57-768x508.png 768w, https:\/\/trajectoire.net\/rophotolab\/wp-content\/uploads\/2025\/08\/Capture-decran-2025-08-09-a-20.36.57-1536x1017.png 1536w, https:\/\/trajectoire.net\/rophotolab\/wp-content\/uploads\/2025\/08\/Capture-decran-2025-08-09-a-20.36.57-2048x1356.png 2048w, https:\/\/trajectoire.net\/rophotolab\/wp-content\/uploads\/2025\/08\/Capture-decran-2025-08-09-a-20.36.57-1631x1080.png 1631w\" sizes=\"(max-width: 1024px) 100vw, 1024px\" \/><\/a><\/figure>\n","protected":false},"excerpt":{"rendered":"<p>Voici un travail d&rsquo;\u00e9l\u00e8ve en arts plastiques ! (le mardi 17 juin 2025). Cet \u00e9l\u00e8ve a utilis\u00e9 RoPhotoLab pour fabriquer une page de roman-photo. En fait les \u00e9l\u00e8ves devaient s&rsquo;inventer une vie et restituer cette vie (ce simulacre) en utilisant (au choix) des \u00e9crits, des prises de vues photo, un stop-motion, une vid\u00e9o, une installation [&hellip;]<\/p>\n","protected":false},"author":1,"featured_media":0,"parent":0,"menu_order":0,"comment_status":"closed","ping_status":"closed","template":"","meta":{"saved_in_kubio":true,"pagelayer_contact_templates":[],"_pagelayer_content":"","footnotes":""},"class_list":["post-348","page","type-page","status-publish","hentry"],"kubio_ai_page_context":{"short_desc":"","purpose":"general"},"_links":{"self":[{"href":"https:\/\/trajectoire.net\/rophotolab\/wp-json\/wp\/v2\/pages\/348","targetHints":{"allow":["GET"]}}],"collection":[{"href":"https:\/\/trajectoire.net\/rophotolab\/wp-json\/wp\/v2\/pages"}],"about":[{"href":"https:\/\/trajectoire.net\/rophotolab\/wp-json\/wp\/v2\/types\/page"}],"author":[{"embeddable":true,"href":"https:\/\/trajectoire.net\/rophotolab\/wp-json\/wp\/v2\/users\/1"}],"replies":[{"embeddable":true,"href":"https:\/\/trajectoire.net\/rophotolab\/wp-json\/wp\/v2\/comments?post=348"}],"version-history":[{"count":24,"href":"https:\/\/trajectoire.net\/rophotolab\/wp-json\/wp\/v2\/pages\/348\/revisions"}],"predecessor-version":[{"id":581,"href":"https:\/\/trajectoire.net\/rophotolab\/wp-json\/wp\/v2\/pages\/348\/revisions\/581"}],"wp:attachment":[{"href":"https:\/\/trajectoire.net\/rophotolab\/wp-json\/wp\/v2\/media?parent=348"}],"curies":[{"name":"wp","href":"https:\/\/api.w.org\/{rel}","templated":true}]}}