{"id":175,"date":"2025-05-25T15:47:12","date_gmt":"2025-05-25T15:47:12","guid":{"rendered":"https:\/\/trajectoire.net\/rophotolab\/?page_id=175"},"modified":"2025-07-31T21:33:22","modified_gmt":"2025-07-31T21:33:22","slug":"presentation","status":"publish","type":"page","link":"https:\/\/trajectoire.net\/rophotolab\/presentation\/","title":{"rendered":"Pr\u00e9sentation"},"content":{"rendered":"\n<div class=\"wp-block-group alignfull\" style=\"margin-top:0;margin-bottom:0;padding-top:var(--wp--preset--spacing--50);padding-right:var(--wp--preset--spacing--50);padding-bottom:var(--wp--preset--spacing--50);padding-left:var(--wp--preset--spacing--50)\"><div class=\"wp-block-group__inner-container is-layout-constrained wp-container-core-group-is-layout-9cf8f26d wp-block-group-is-layout-constrained\">\n<figure class=\"wp-block-image size-full\"><img loading=\"lazy\" decoding=\"async\" width=\"1399\" height=\"948\" src=\"https:\/\/trajectoire.net\/rophotolab\/wp-content\/uploads\/2025\/05\/rophotolab_22_05_2025_001.png\" alt=\"\" class=\"wp-image-338\" srcset=\"https:\/\/trajectoire.net\/rophotolab\/wp-content\/uploads\/2025\/05\/rophotolab_22_05_2025_001.png 1399w, https:\/\/trajectoire.net\/rophotolab\/wp-content\/uploads\/2025\/05\/rophotolab_22_05_2025_001-300x203.png 300w, https:\/\/trajectoire.net\/rophotolab\/wp-content\/uploads\/2025\/05\/rophotolab_22_05_2025_001-1024x694.png 1024w, https:\/\/trajectoire.net\/rophotolab\/wp-content\/uploads\/2025\/05\/rophotolab_22_05_2025_001-768x520.png 768w\" sizes=\"(max-width: 1399px) 100vw, 1399px\" \/><\/figure>\n<\/div><\/div>\n\n\n\n<p class=\"has-text-align-left\">L&rsquo;interface graphique du logiciel se d\u00e9cline en diff\u00e9rents ateliers accessibles par des onglets.<\/p>\n\n\n\n<p class=\"has-text-align-left\"><strong>Ateliers disponibles :<\/strong><\/p>\n\n\n\n<p class=\"has-text-align-left\"><img loading=\"lazy\" decoding=\"async\" width=\"100\" height=\"100\" class=\"wp-image-122\" style=\"width: 100px;\" src=\"https:\/\/trajectoire.net\/rophotolab\/wp-content\/uploads\/2025\/05\/icone_pages.png\" alt=\"\" srcset=\"https:\/\/trajectoire.net\/rophotolab\/wp-content\/uploads\/2025\/05\/icone_pages.png 392w, https:\/\/trajectoire.net\/rophotolab\/wp-content\/uploads\/2025\/05\/icone_pages-300x300.png 300w, https:\/\/trajectoire.net\/rophotolab\/wp-content\/uploads\/2025\/05\/icone_pages-150x150.png 150w\" sizes=\"(max-width: 100px) 100vw, 100px\" \/> <\/p>\n\n\n\n<p class=\"has-text-align-left\"><strong>Pages :<\/strong> il permet de cr\u00e9er les diff\u00e9rentes pages de votre futur roman-photo, de supprimer une (ou des) page(s) distincte(s), de supprimer toutes les pages d&rsquo;un coup. Dans cet atelier vous pouvez ajouter des pages color\u00e9es. Une fois qu&rsquo;une premi\u00e8re page a \u00e9t\u00e9 cr\u00e9e, vous pouvez s\u00e9lectionner une des pages dans la liste d\u00e9roulante point\u00e9e par \u00ab\u00a0S\u00e9lection page :\u00a0\u00bb, c&rsquo;est dans cette page que vous ajouterez ou enl\u00e8verez des \u00e9l\u00e9ments.<\/p>\n\n\n\n<p class=\"has-text-align-left\"><img loading=\"lazy\" decoding=\"async\" width=\"100\" height=\"96\" class=\"wp-image-123\" style=\"width: 100px;\" src=\"https:\/\/trajectoire.net\/rophotolab\/wp-content\/uploads\/2025\/05\/icone_images.png\" alt=\"\" srcset=\"https:\/\/trajectoire.net\/rophotolab\/wp-content\/uploads\/2025\/05\/icone_images.png 330w, https:\/\/trajectoire.net\/rophotolab\/wp-content\/uploads\/2025\/05\/icone_images-300x289.png 300w\" sizes=\"(max-width: 100px) 100vw, 100px\" \/> <\/p>\n\n\n\n<p class=\"has-text-align-left\"><strong>Images :<\/strong> cet atelier permet d&rsquo;ajouter des images \u00e0 partir de votre disque dur (par une bo\u00eete de dialogue), mais aussi d&rsquo;appliquer des filtres aux images s\u00e9lectionn\u00e9es (souris gauche). Attention l&rsquo;image trait\u00e9e doit \u00eatre s\u00e9lectionn\u00e9e !<\/p>\n\n\n\n<p class=\"has-text-align-left\"><img loading=\"lazy\" decoding=\"async\" width=\"100\" height=\"92\" class=\"wp-image-124\" style=\"width: 100px;\" src=\"https:\/\/trajectoire.net\/rophotolab\/wp-content\/uploads\/2025\/05\/icone_bulles.png\" alt=\"\" srcset=\"https:\/\/trajectoire.net\/rophotolab\/wp-content\/uploads\/2025\/05\/icone_bulles.png 366w, https:\/\/trajectoire.net\/rophotolab\/wp-content\/uploads\/2025\/05\/icone_bulles-300x275.png 300w\" sizes=\"(max-width: 100px) 100vw, 100px\" \/> <\/p>\n\n\n\n<p class=\"has-text-align-left\"><strong>Bulles :<\/strong> ici vous pouvez cr\u00e9er et modifier des bulles de parole, pens\u00e9e, et cartouche (bulle de situation\/pr\u00e9sentation). Les diff\u00e9rentes actions sont r\u00e9parties dans une liste d\u00e9roulante (\u00e0 voir \u2026 cr\u00e9ation ou mise \u00e0 jour). En s\u00e9lectionnant une des bulles pour la mise \u00e0 jour, vous avez la possibilit\u00e9 de changer la position de la pointe de la bulle (afin qu&rsquo;elle puisse s&rsquo;adapter au mieux au personnage qui est\/serait en train de parler dans l&rsquo;image\/photo charg\u00e9e). Une description compl\u00e8te du fonctionnement serait trop longue \u00e0 expliquer ici.<\/p>\n\n\n<div class=\"wp-block-image\">\n<figure class=\"alignleft size-thumbnail is-resized\"><img loading=\"lazy\" decoding=\"async\" width=\"150\" height=\"150\" src=\"https:\/\/trajectoire.net\/rophotolab\/wp-content\/uploads\/2025\/07\/icone_elements_graphiques_sup-150x150.png\" alt=\"\" class=\"wp-image-505\" style=\"object-fit:contain;width:107px;height:auto\" srcset=\"https:\/\/trajectoire.net\/rophotolab\/wp-content\/uploads\/2025\/07\/icone_elements_graphiques_sup-150x150.png 150w, https:\/\/trajectoire.net\/rophotolab\/wp-content\/uploads\/2025\/07\/icone_elements_graphiques_sup-300x300.png 300w, https:\/\/trajectoire.net\/rophotolab\/wp-content\/uploads\/2025\/07\/icone_elements_graphiques_sup.png 330w\" sizes=\"(max-width: 150px) 100vw, 150px\" \/><\/figure>\n<\/div>\n\n\n<p><\/p>\n\n\n\n<p class=\"has-text-align-left\"><strong>El\u00e9ments graphiques additionnels :<\/strong> cet atelier vous permet (et selon les fonctions impl\u00e9ment\u00e9es pour l&rsquo;instant) de mettre en place des onomatop\u00e9es, d&rsquo;apposer une ombre port\u00e9e sur les items, de rajouter des \u00e9motic\u00f4nes et\/ou images (sous la forme de masques alpha), de donner une vision en perspective des composants graphiques, de rajouter un titre ou un texte.<\/p>\n\n\n\n<p class=\"has-text-align-left\"><img loading=\"lazy\" decoding=\"async\" width=\"100\" height=\"100\" class=\"wp-image-125\" style=\"width: 100px;\" src=\"https:\/\/trajectoire.net\/rophotolab\/wp-content\/uploads\/2025\/05\/icone_parametres_communs.png\" alt=\"\" srcset=\"https:\/\/trajectoire.net\/rophotolab\/wp-content\/uploads\/2025\/05\/icone_parametres_communs.png 330w, https:\/\/trajectoire.net\/rophotolab\/wp-content\/uploads\/2025\/05\/icone_parametres_communs-300x300.png 300w, https:\/\/trajectoire.net\/rophotolab\/wp-content\/uploads\/2025\/05\/icone_parametres_communs-150x150.png 150w\" sizes=\"(max-width: 100px) 100vw, 100px\" \/> <\/p>\n\n\n\n<p class=\"has-text-align-left\"><strong>Param\u00e8tres communs :<\/strong> vous pouvez ici supprimer la s\u00e9lection (l&rsquo;image ou la bulle), il faut bien entendu l&rsquo;avoir s\u00e9lectionn\u00e9 (comme son nom l&rsquo;indique), vous avez de m\u00eame la possibilit\u00e9 d&rsquo;afficher la page en taille r\u00e9elle, en taille adapt\u00e9e, de faire un zoom arri\u00e8re ou un zoom avant, de redimensionner la s\u00e9lection, de la relever ou de la rabaisser.<\/p>\n\n\n\n<p class=\"has-text-align-left\"><img loading=\"lazy\" decoding=\"async\" width=\"100\" height=\"100\" class=\"wp-image-126\" style=\"width: 100px;\" src=\"https:\/\/trajectoire.net\/rophotolab\/wp-content\/uploads\/2025\/05\/icone_sauvegardes.png\" alt=\"\" srcset=\"https:\/\/trajectoire.net\/rophotolab\/wp-content\/uploads\/2025\/05\/icone_sauvegardes.png 407w, https:\/\/trajectoire.net\/rophotolab\/wp-content\/uploads\/2025\/05\/icone_sauvegardes-300x300.png 300w, https:\/\/trajectoire.net\/rophotolab\/wp-content\/uploads\/2025\/05\/icone_sauvegardes-150x150.png 150w\" sizes=\"(max-width: 100px) 100vw, 100px\" \/> <\/p>\n\n\n\n<p class=\"has-text-align-left\"><strong>Sauvegardes :<\/strong> il s&rsquo;agit de l&rsquo;atelier pour exporter (enregistrer) le roman-photo sous la forme d&rsquo;un fichier PDF.<\/p>\n\n\n\n<p class=\"has-text-align-left\"><img loading=\"lazy\" decoding=\"async\" width=\"100\" height=\"101\" class=\"wp-image-127\" style=\"width: 100px;\" src=\"https:\/\/trajectoire.net\/rophotolab\/wp-content\/uploads\/2025\/05\/icone_aide.png\" alt=\"\" srcset=\"https:\/\/trajectoire.net\/rophotolab\/wp-content\/uploads\/2025\/05\/icone_aide.png 330w, https:\/\/trajectoire.net\/rophotolab\/wp-content\/uploads\/2025\/05\/icone_aide-296x300.png 296w, https:\/\/trajectoire.net\/rophotolab\/wp-content\/uploads\/2025\/05\/icone_aide-150x150.png 150w\" sizes=\"(max-width: 100px) 100vw, 100px\" \/> <\/p>\n\n\n\n<p class=\"has-text-align-left\"><strong>Aide :<\/strong> la documentation n&rsquo;est pas encore r\u00e9dig\u00e9e (il va falloir attendre !).<\/p>\n\n\n\n<p class=\"has-text-align-left\"><strong>D\u00e9tail qui a son importance :<\/strong> les \u00e9l\u00e9ments (images, bulles, \u2026 et autres dans le futur) doivent \u00eatre s\u00e9lectionn\u00e9s avec la souris pour \u00eatre trait\u00e9s (par exemple appliquer des filtres sur les images, ou changer la position des pointes des bulles de parole), dans le cas \u2026 \u00ab\u00a0Bulles de parole fl\u00e8che bas (mise \u00e0 jour)\u00a0\u00bb et \u00ab\u00a0Bulles de parole fl\u00e8che haut (mise \u00e0 jour)\u00a0\u00bb. De m\u00eame tous les \u00e9l\u00e9ments ins\u00e9r\u00e9s peuvent \u00eatre d\u00e9plac\u00e9s dans l&rsquo;espace de travail\/page.<\/p>\n\n\n\n<p>Lorem Ipsum has been the industry&rsquo;s standard dummy text ever since the 1500s.<\/p>\n\n\n\n<p class=\"has-text-align-left\"><strong>RoPhotoLab est un outil con\u00e7u pour les enseignants qui souhaitent enrichir leurs pratiques p\u00e9dagogiques et donner une nouvelle dimension \u00e0 leurs projets de classe.<\/strong> D\u00e9velopp\u00e9 par <strong>un professeur d&rsquo;arts plastiques<\/strong>, ce <a href=\"https:\/\/fr.wikipedia.org\/wiki\/Logiciel_libre\"><strong>logiciel libre<\/strong><\/a> et gratuit invite \u00e0 explorer la richesse du <a href=\"https:\/\/fr.wikipedia.org\/wiki\/Roman-photo\"><strong>roman-photo<\/strong><\/a> comme support d&rsquo;apprentissage.<\/p>\n\n\n\n<p class=\"has-text-align-left\"><strong>\u00c0 quoi sert RoPhotoLab dans vos cours ?<\/strong><\/p>\n\n\n\n<p class=\"has-text-align-left\">Ce logiciel vous permet de concevoir des romans-photos, ces r\u00e9cits qui allient images et dialogues. C&rsquo;est un support id\u00e9al pour des activit\u00e9s vari\u00e9es :<\/p>\n\n\n\n<p class=\"has-text-align-left\"><strong>&#8211;&gt;<\/strong> D\u00e9velopper les comp\u00e9tences narratives et l&rsquo;\u00e9criture cr\u00e9ative en imaginant des sc\u00e9narios.<\/p>\n\n\n\n<p class=\"has-text-align-left\"><strong>&#8211;&gt;<\/strong> Mettre en sc\u00e8ne des dialogues pour l&rsquo;apprentissage des langues \u00e9trang\u00e8res, en permettant aux \u00e9l\u00e8ves de se filmer ou de se prendre en photo pour illustrer leurs propos.<\/p>\n\n\n\n<p class=\"has-text-align-left\"><strong>&#8211;&gt;<\/strong> Aborder des th\u00e8mes d&rsquo;arts plastiques ou des \u00e9v\u00e9nements historiques de mani\u00e8re concr\u00e8te.<\/p>\n\n\n\n<p class=\"has-text-align-left\"><strong>&#8211;&gt;<\/strong> Mener des projets de groupe stimulants qui encouragent la collaboration, de l&rsquo;invention de l&rsquo;histoire \u00e0 la prise de vue et l&rsquo;importation des images dans RoPhotoLab.<\/p>\n\n\n\n<p class=\"has-text-align-left\"><strong>Ce qui fait la force de RoPhotoLab :<\/strong><\/p>\n\n\n\n<p class=\"has-text-align-left\"><strong>Simplicit\u00e9 et Accessibilit\u00e9 :<\/strong> Sa conception intuitive garantit une prise en main rapide. Enseignants et \u00e9l\u00e8ves peuvent se concentrer sur la cr\u00e9ation et l&rsquo;expression des id\u00e9es, sans se soucier de la complexit\u00e9 technique.<\/p>\n\n\n\n<p class=\"has-text-align-left\"><strong>Un apport ludique \u00e0 la p\u00e9dagogie :<\/strong> Le roman-photo transforme l&rsquo;apprentissage en une activit\u00e9 engageante. Les \u00e9l\u00e8ves manipulent images, textes et bulles, ce qui rend les t\u00e2ches plus concr\u00e8tes et motivantes. L&rsquo;apprentissage num\u00e9rique devient d&rsquo;autant plus int\u00e9ressant que les \u00e9l\u00e8ves sont mis en situation : ils inventent des histoires, se prennent en photo pour incarner les personnages, puis importent ces images directement dans RoPhotoLab pour finaliser leur cr\u00e9ation.<\/p>\n\n\n\n<p class=\"has-text-align-left\"><strong>Libre et Gratuit :<\/strong> RoPhotoLab est <strong><a href=\"https:\/\/fr.wikipedia.org\/wiki\/Logiciel_libre\">un logiciel libre<\/a><\/strong> <a href=\"https:\/\/www.gnu.org\/licenses\/gpl-3.0.fr.html\">(sous licence GNU\/GPL v3)<\/a>, ce qui signifie qu&rsquo;il est accessible \u00e0 tous, sans aucun co\u00fbt. Une libert\u00e9 pr\u00e9cieuse pour les budgets des \u00e9tablissements et des familles.<\/p>\n\n\n\n<p class=\"has-text-align-left\"><strong>Un projet jeune et prometteur :<\/strong> RoPhotoLab est en constante \u00e9volution. De nouvelles fonctionnalit\u00e9s seront impl\u00e9ment\u00e9es au fur et \u00e0 mesure, refl\u00e9tant une d\u00e9marche attentive aux retours et aux besoins des utilisateurs.<\/p>\n\n\n\n<p class=\"has-text-align-left\"><strong>Ancr\u00e9 dans l&rsquo;\u00e9cosyst\u00e8me \u00e9ducatif :<\/strong> Le projet est fi\u00e8rement <a href=\"https:\/\/forge.apps.education.fr\/ekdmekdm\/rophotolab\"><strong>h\u00e9berg\u00e9 sur la Forge des communs num\u00e9riques \u00e9ducatifs du Minist\u00e8re de l&rsquo;\u00c9ducation nationale<\/strong><\/a>. Cette appartenance assure sa p\u00e9rennit\u00e9 et son int\u00e9gration dans les ressources p\u00e9dagogiques partag\u00e9es.<\/p>\n\n\n\n<p class=\"has-text-align-left\">Vous \u00eates invit\u00e9(s) \u00e0 d\u00e9couvrir RoPhotoLab et \u00e0 imaginer comment il pourrait enrichir vos projets p\u00e9dagogiques. Donnez aux \u00e9l\u00e8ves l&rsquo;opportunit\u00e9 de s&rsquo;approprier la narration et l&rsquo;image de fa\u00e7on innovante et amusante.&nbsp;<\/p>\n","protected":false},"excerpt":{"rendered":"<p>L&rsquo;interface graphique du logiciel se d\u00e9cline en diff\u00e9rents ateliers accessibles par des onglets. Ateliers disponibles : Pages : il permet de cr\u00e9er les diff\u00e9rentes pages de votre futur roman-photo, de supprimer une (ou des) page(s) distincte(s), de supprimer toutes les pages d&rsquo;un coup. Dans cet atelier vous pouvez ajouter des pages color\u00e9es. Une fois qu&rsquo;une [&hellip;]<\/p>\n","protected":false},"author":1,"featured_media":0,"parent":0,"menu_order":0,"comment_status":"closed","ping_status":"closed","template":"","meta":{"saved_in_kubio":true,"pagelayer_contact_templates":[],"_pagelayer_content":"","footnotes":""},"class_list":["post-175","page","type-page","status-publish","hentry"],"kubio_ai_page_context":{"short_desc":"","purpose":"general"},"_links":{"self":[{"href":"https:\/\/trajectoire.net\/rophotolab\/wp-json\/wp\/v2\/pages\/175","targetHints":{"allow":["GET"]}}],"collection":[{"href":"https:\/\/trajectoire.net\/rophotolab\/wp-json\/wp\/v2\/pages"}],"about":[{"href":"https:\/\/trajectoire.net\/rophotolab\/wp-json\/wp\/v2\/types\/page"}],"author":[{"embeddable":true,"href":"https:\/\/trajectoire.net\/rophotolab\/wp-json\/wp\/v2\/users\/1"}],"replies":[{"embeddable":true,"href":"https:\/\/trajectoire.net\/rophotolab\/wp-json\/wp\/v2\/comments?post=175"}],"version-history":[{"count":41,"href":"https:\/\/trajectoire.net\/rophotolab\/wp-json\/wp\/v2\/pages\/175\/revisions"}],"predecessor-version":[{"id":556,"href":"https:\/\/trajectoire.net\/rophotolab\/wp-json\/wp\/v2\/pages\/175\/revisions\/556"}],"wp:attachment":[{"href":"https:\/\/trajectoire.net\/rophotolab\/wp-json\/wp\/v2\/media?parent=175"}],"curies":[{"name":"wp","href":"https:\/\/api.w.org\/{rel}","templated":true}]}}